{"id":37332,"date":"2023-08-02T11:03:54","date_gmt":"2023-08-02T09:03:54","guid":{"rendered":"https:\/\/tahor.es\/?page_id=37332"},"modified":"2023-08-02T11:03:56","modified_gmt":"2023-08-02T09:03:56","slug":"politica-de-cookies","status":"publish","type":"page","link":"https:\/\/tahor.es\/en\/politica-de-cookies\/","title":{"rendered":"Pol\u00edtica de Cookies"},"content":{"rendered":"<ol class=\"wp-block-list\">\n<li><strong>Informaci\u00f3n sobre cookies<\/strong><\/li>\n<\/ol>\n\n\n\n<p>Bienvenido(a) a la Pol\u00edtica de Cookies de tahor.es, propiedad de Tahor Home Services S.L. (en adelante, \u00abtahor.es\u00bb, \u00abnosotros\u00bb, o \u00abnuestro\u00bb). Esta pol\u00edtica describe c\u00f3mo utilizamos cookies y tecnolog\u00edas similares en nuestro sitio web, y c\u00f3mo puede gestionar sus preferencias al respecto.<\/p>\n\n\n\n<ol class=\"wp-block-list\" start=\"2\">\n<li><strong>\u00bfQu\u00e9 son las cookies?<\/strong><\/li>\n<\/ol>\n\n\n\n<p>Las cookies son peque\u00f1os archivos de texto que se almacenan en su dispositivo (como computadora, tel\u00e9fono m\u00f3vil o tableta) cuando visita nuestro sitio web. Estos archivos contienen informaci\u00f3n que nos ayuda a recordar ciertas acciones y preferencias del usuario durante un per\u00edodo de tiempo determinado. Las cookies no da\u00f1an su dispositivo ni contienen informaci\u00f3n personal que le identifique directamente, pero pueden mejorar su experiencia en nuestro sitio web al recordar sus preferencias y permitirnos optimizar nuestro contenido y servicios.<\/p>\n\n\n\n<ol class=\"wp-block-list\" start=\"3\">\n<li><strong>\u00bfQu\u00e9 tipos de cookies utilizamos?<\/strong><\/li>\n<\/ol>\n\n\n\n<p>a) Cookies esenciales: Estas cookies son necesarias para el funcionamiento b\u00e1sico de nuestro sitio web y nos permiten ofrecer servicios que usted ha solicitado. Estas cookies no recopilan informaci\u00f3n personal identificable y no pueden ser desactivadas en nuestros sistemas.<\/p>\n\n\n\n<p>b) Cookies de rendimiento: Estas cookies recopilan informaci\u00f3n an\u00f3nima sobre c\u00f3mo los usuarios utilizan nuestro sitio web. Nos ayudan a comprender qu\u00e9 \u00e1reas del sitio son m\u00e1s populares, qu\u00e9 rutas siguen los usuarios en el sitio y si se producen errores. La informaci\u00f3n recopilada es utilizada para mejorar la experiencia del usuario y optimizar nuestro sitio web.<\/p>\n\n\n\n<p>c) Cookies de funcionalidad: Estas cookies permiten que nuestro sitio web recuerde las elecciones que realiza (como su nombre de usuario, idioma o regi\u00f3n) y proporcionen funciones mejoradas y m\u00e1s personalizadas. La informaci\u00f3n recopilada por estas cookies puede ser an\u00f3nima y no rastrea su actividad de navegaci\u00f3n en otros sitios web.<\/p>\n\n\n\n<p>d) Cookies de marketing y publicidad: Estas cookies se utilizan para mostrar anuncios relevantes para usted y sus intereses. Tambi\u00e9n se utilizan para limitar la cantidad de veces que ve un anuncio y ayudan a medir la efectividad de una campa\u00f1a publicitaria. Estas cookies pueden ser colocadas por terceros y pueden rastrear su actividad en otros sitios web adem\u00e1s de tahor.es.<\/p>\n\n\n\n<ol class=\"wp-block-list\" start=\"4\">\n<li><strong>Consentimiento para el uso de cookies<\/strong><\/li>\n<\/ol>\n\n\n\n<p>Al visitar nuestro sitio web, usted acepta el uso de cookies de acuerdo con esta Pol\u00edtica de Cookies. Si no est\u00e1 de acuerdo con el uso de cookies, le recomendamos ajustar la configuraci\u00f3n de su navegador para desactivarlas o no utilizar nuestro sitio web. Tenga en cuenta que la desactivaci\u00f3n de cookies puede afectar la funcionalidad de nuestro sitio y limitar su experiencia de navegaci\u00f3n.<\/p>\n\n\n\n<ol class=\"wp-block-list\" start=\"5\">\n<li><strong>C\u00f3mo gestionar sus preferencias de cookies<\/strong><\/li>\n<\/ol>\n\n\n\n<p>Puede cambiar sus preferencias de cookies en cualquier momento ajustando la configuraci\u00f3n de su navegador. Cada navegador es diferente, por lo que le recomendamos consultar la secci\u00f3n \u00abAyuda\u00bb de su navegador para obtener informaci\u00f3n sobre c\u00f3mo modificar sus preferencias de cookies. Tenga en cuenta que si desactiva ciertas cookies, es posible que algunas partes de nuestro sitio web no funcionen correctamente.<\/p>\n\n\n\n<ol class=\"wp-block-list\" start=\"6\">\n<li><strong>Datos de contacto<\/strong><\/li>\n<\/ol>\n\n\n\n<p>Si tiene alguna pregunta o inquietud sobre nuestra Pol\u00edtica de Cookies o el uso de cookies en nuestro sitio web, puede ponerse en contacto con nosotros a trav\u00e9s de los siguientes datos:<\/p>\n\n\n\n<p>Tahor Home Services S.L. CIF: B10931350 Direcci\u00f3n: C\/ Col\u00f3n de Larre\u00e1tegui, 26, 7\u00ba Planta &#8211; Bilbao Correo electr\u00f3nico: <a href=\"mailto:info@tahor.es\">info@tahor.es<\/a><\/p>\n\n\n\n<ol class=\"wp-block-list\" start=\"7\">\n<li><strong>Cambios en la Pol\u00edtica de Cookies<\/strong><\/li>\n<\/ol>\n\n\n\n<p>Nos reservamos el derecho de actualizar esta Pol\u00edtica de Cookies en cualquier momento. Cualquier cambio se publicar\u00e1 en esta p\u00e1gina con una nueva fecha de \u00ab\u00faltima actualizaci\u00f3n\u00bb. Le recomendamos revisar peri\u00f3dicamente esta pol\u00edtica para mantenerse informado sobre c\u00f3mo utilizamos las cookies en nuestro sitio web.<\/p>\n\n\n\n<hr class=\"wp-block-separator has-alpha-channel-opacity\"\/>\n\n\n\n<p>Es importante tener en cuenta que esta pol\u00edtica de cookies es solo un ejemplo general y puede necesitar ser adaptada seg\u00fan los requisitos legales espec\u00edficos de la ubicaci\u00f3n y la legislaci\u00f3n vigente. Siempre es recomendable obtener asesoramiento legal adecuado para garantizar el cumplimiento con las leyes de privacidad y cookies aplicables a su situaci\u00f3n.<\/p>","protected":false},"excerpt":{"rendered":"<p>Bienvenido(a) a la Pol\u00edtica de Cookies de tahor.es, propiedad de Tahor Home Services S.L. (en adelante, \u00abtahor.es\u00bb, \u00abnosotros\u00bb, o \u00abnuestro\u00bb). Esta pol\u00edtica describe c\u00f3mo utilizamos cookies y tecnolog\u00edas similares en nuestro sitio web, y c\u00f3mo puede gestionar sus preferencias al respecto. Las cookies son peque\u00f1os archivos de texto que se almacenan en su dispositivo (como &#8230;<\/p>","protected":false},"author":1,"featured_media":0,"parent":0,"menu_order":0,"comment_status":"closed","ping_status":"closed","template":"","meta":{"inline_featured_image":false,"footnotes":""},"class_list":["post-37332","page","type-page","status-publish","hentry"],"_links":{"self":[{"href":"https:\/\/tahor.es\/en\/wp-json\/wp\/v2\/pages\/37332","targetHints":{"allow":["GET"]}}],"collection":[{"href":"https:\/\/tahor.es\/en\/wp-json\/wp\/v2\/pages"}],"about":[{"href":"https:\/\/tahor.es\/en\/wp-json\/wp\/v2\/types\/page"}],"author":[{"embeddable":true,"href":"https:\/\/tahor.es\/en\/wp-json\/wp\/v2\/users\/1"}],"replies":[{"embeddable":true,"href":"https:\/\/tahor.es\/en\/wp-json\/wp\/v2\/comments?post=37332"}],"version-history":[{"count":1,"href":"https:\/\/tahor.es\/en\/wp-json\/wp\/v2\/pages\/37332\/revisions"}],"predecessor-version":[{"id":37333,"href":"https:\/\/tahor.es\/en\/wp-json\/wp\/v2\/pages\/37332\/revisions\/37333"}],"wp:attachment":[{"href":"https:\/\/tahor.es\/en\/wp-json\/wp\/v2\/media?parent=37332"}],"curies":[{"name":"wp","href":"https:\/\/api.w.org\/{rel}","templated":true}]}}