{"id":37336,"date":"2023-08-02T11:10:03","date_gmt":"2023-08-02T09:10:03","guid":{"rendered":"https:\/\/tahor.es\/?page_id=37336"},"modified":"2024-04-08T19:28:50","modified_gmt":"2024-04-08T17:28:50","slug":"aviso-legal","status":"publish","type":"page","link":"https:\/\/tahor.es\/en\/aviso-legal\/","title":{"rendered":"Aviso legal"},"content":{"rendered":"<ol class=\"wp-block-list\">\n<li><strong>Informaci\u00f3n legal y aceptaci\u00f3n<\/strong><\/li>\n<\/ol>\n\n\n\n<p>El presente Aviso Legal regula el acceso y uso del sitio web tahor.es, propiedad de Tahor Home Services S.L. (en adelante, \u00abtahor.es\u00bb, \u00abnosotros\u00bb o \u00abnuestro\u00bb). Al acceder y utilizar nuestro sitio web, usted acepta los t\u00e9rminos y condiciones establecidos en este Aviso Legal. Si no est\u00e1 de acuerdo con estos t\u00e9rminos, le recomendamos que no utilice nuestro sitio web.<\/p>\n\n\n\n<ol class=\"wp-block-list\" start=\"2\">\n<li><strong>Informaci\u00f3n de la empresa<\/strong><\/li>\n<\/ol>\n\n\n\n<p>Tahor Home Services S.L. <\/p>\n\n\n\n<p>CIF: B10931350 <\/p>\n\n\n\n<p>Direcci\u00f3n: C\/General Concha, 12, Ppal. Izquierda &#8211; Bilbao<\/p>\n\n\n\n<p>Email: <a href=\"mailto:info@tahor.es\">info@tahor.es<\/a><\/p>\n\n\n\n<ol class=\"wp-block-list\" start=\"3\">\n<li><strong>Propiedad intelectual<\/strong><\/li>\n<\/ol>\n\n\n\n<p>tahor.es es titular de todos los derechos de propiedad intelectual e industrial sobre el contenido de este sitio web, incluidos, entre otros, el dise\u00f1o, texto, gr\u00e1ficos, logotipos, im\u00e1genes, videos, iconos, software y cualquier otro material contenido en el sitio. Estos contenidos est\u00e1n protegidos por las leyes de propiedad intelectual e industrial y quedan prohibidas su reproducci\u00f3n, distribuci\u00f3n, comunicaci\u00f3n p\u00fablica y transformaci\u00f3n sin nuestra autorizaci\u00f3n expresa y por escrito.<\/p>\n\n\n\n<ol class=\"wp-block-list\" start=\"4\">\n<li><strong>Uso del sitio web<\/strong><\/li>\n<\/ol>\n\n\n\n<p>El acceso y uso de tahor.es se realizar\u00e1n bajo su responsabilidad exclusiva. Usted se compromete a utilizar nuestro sitio web de conformidad con las leyes, normativas y buenas pr\u00e1cticas aplicables, as\u00ed como con los t\u00e9rminos y condiciones establecidos en este Aviso Legal. Se proh\u00edbe cualquier uso del sitio web con fines ilegales, fraudulentos o que pueda da\u00f1ar nuestros derechos o los de terceros.<\/p>\n\n\n\n<ol class=\"wp-block-list\" start=\"5\">\n<li><strong>Enlaces a terceros<\/strong><\/li>\n<\/ol>\n\n\n\n<p>tahor.es puede proporcionar enlaces a sitios web de terceros para facilitar el acceso a informaci\u00f3n adicional. No tenemos control sobre el contenido o las pol\u00edticas de privacidad de estos sitios externos. Los enlaces a sitios de terceros no implican necesariamente nuestro respaldo o afiliaci\u00f3n a ellos. Le recomendamos revisar las pol\u00edticas y t\u00e9rminos de uso de esos sitios antes de utilizarlos.<\/p>\n\n\n\n<ol class=\"wp-block-list\" start=\"6\">\n<li><strong>Responsabilidad<\/strong><\/li>\n<\/ol>\n\n\n\n<p>tahor.es se esfuerza por mantener la informaci\u00f3n en este sitio web precisa y actualizada. Sin embargo, no garantizamos la exactitud, integridad o actualidad de la informaci\u00f3n proporcionada. El uso del sitio web y la informaci\u00f3n contenida en \u00e9l se realizan bajo su propio riesgo.<\/p>\n\n\n\n<p>En la medida permitida por la ley, tahor.es no ser\u00e1 responsable por da\u00f1os directos, indirectos, incidentales, consecuentes o punitivos derivados del acceso, uso o imposibilidad de uso del sitio web, incluidos, entre otros, da\u00f1os a sistemas inform\u00e1ticos, p\u00e9rdida de datos o lucro cesante.<\/p>\n\n\n\n<ol class=\"wp-block-list\" start=\"7\">\n<li><strong>Modificaciones y actualizaciones<\/strong><\/li>\n<\/ol>\n\n\n\n<p>tahor.es se reserva el derecho de modificar, actualizar o eliminar cualquier contenido, servicio o funcionalidad de este sitio web en cualquier momento sin previo aviso. Tambi\u00e9n nos reservamos el derecho de modificar este Aviso Legal en cualquier momento, y cualquier cambio se publicar\u00e1 en esta p\u00e1gina.<\/p>\n\n\n\n<ol class=\"wp-block-list\" start=\"8\">\n<li><strong>Pol\u00edtica de Privacidad y Cookies<\/strong><\/li>\n<\/ol>\n\n\n\n<p>La recopilaci\u00f3n y uso de la informaci\u00f3n personal a trav\u00e9s de nuestro sitio web se rige por nuestra Pol\u00edtica de Privacidad y Pol\u00edtica de Cookies. Le recomendamos revisar estas pol\u00edticas para obtener m\u00e1s informaci\u00f3n sobre c\u00f3mo gestionamos su informaci\u00f3n personal.<\/p>\n\n\n\n<ol class=\"wp-block-list\" start=\"9\">\n<li><strong>Legislaci\u00f3n aplicable y jurisdicci\u00f3n<\/strong><\/li>\n<\/ol>\n\n\n\n<p>Este Aviso Legal se rige por las leyes de Espa\u00f1a. Cualquier controversia que surja en relaci\u00f3n con este sitio web o su uso se someter\u00e1 a los tribunales de la ciudad de Bilbao, renunciando expresamente a cualquier otro fuero que pudiera corresponder.<\/p>\n\n\n\n<p>Si tiene alguna pregunta o inquietud sobre este Aviso Legal, puede ponerse en contacto con nosotros a trav\u00e9s de los siguientes datos:<\/p>\n\n\n\n<p>Tahor Home Services S.L. CIF: B10931350 Direcci\u00f3n: C\/ Col\u00f3n de Larre\u00e1tegui, 26, 7\u00ba Planta &#8211; Bilbao Correo electr\u00f3nico: <a href=\"mailto:info@tahor.es\">info@tahor.es<\/a><\/p>\n\n\n\n<hr class=\"wp-block-separator has-alpha-channel-opacity\"\/>\n\n\n\n<p>Nuevamente, este aviso legal es un ejemplo general y debe adaptarse seg\u00fan los requisitos legales espec\u00edficos de la ubicaci\u00f3n y la legislaci\u00f3n vigente. Es recomendable obtener asesoramiento legal adecuado para garantizar el cumplimiento con las leyes y regulaciones aplicables.<\/p>","protected":false},"excerpt":{"rendered":"<p>El presente Aviso Legal regula el acceso y uso del sitio web tahor.es, propiedad de Tahor Home Services S.L. (en adelante, \u00abtahor.es\u00bb, \u00abnosotros\u00bb o \u00abnuestro\u00bb). Al acceder y utilizar nuestro sitio web, usted acepta los t\u00e9rminos y condiciones establecidos en este Aviso Legal. Si no est\u00e1 de acuerdo con estos t\u00e9rminos, le recomendamos que no &#8230;<\/p>","protected":false},"author":1,"featured_media":0,"parent":0,"menu_order":0,"comment_status":"closed","ping_status":"closed","template":"","meta":{"inline_featured_image":false,"footnotes":""},"class_list":["post-37336","page","type-page","status-publish","hentry"],"_links":{"self":[{"href":"https:\/\/tahor.es\/en\/wp-json\/wp\/v2\/pages\/37336","targetHints":{"allow":["GET"]}}],"collection":[{"href":"https:\/\/tahor.es\/en\/wp-json\/wp\/v2\/pages"}],"about":[{"href":"https:\/\/tahor.es\/en\/wp-json\/wp\/v2\/types\/page"}],"author":[{"embeddable":true,"href":"https:\/\/tahor.es\/en\/wp-json\/wp\/v2\/users\/1"}],"replies":[{"embeddable":true,"href":"https:\/\/tahor.es\/en\/wp-json\/wp\/v2\/comments?post=37336"}],"version-history":[{"count":3,"href":"https:\/\/tahor.es\/en\/wp-json\/wp\/v2\/pages\/37336\/revisions"}],"predecessor-version":[{"id":39136,"href":"https:\/\/tahor.es\/en\/wp-json\/wp\/v2\/pages\/37336\/revisions\/39136"}],"wp:attachment":[{"href":"https:\/\/tahor.es\/en\/wp-json\/wp\/v2\/media?parent=37336"}],"curies":[{"name":"wp","href":"https:\/\/api.w.org\/{rel}","templated":true}]}}